{"id":576,"date":"2022-03-21T07:21:11","date_gmt":"2022-03-21T07:21:11","guid":{"rendered":"https:\/\/bolsaempleo.iescinoc.edu.co\/publicaciones\/home\/"},"modified":"2023-12-12T08:16:42","modified_gmt":"2023-12-12T13:16:42","slug":"home","status":"publish","type":"page","link":"https:\/\/bolsaempleo.iescinoc.edu.co\/publicaciones\/","title":{"rendered":"Home"},"content":{"rendered":"\t\t<div data-elementor-type=\"wp-page\" data-elementor-id=\"576\" class=\"elementor elementor-576\" data-elementor-post-type=\"page\">\n\t\t\t\t\t\t\t<div class=\"elementor-element elementor-element-594f359 e-flex e-con-boxed e-con e-parent\" data-id=\"594f359\" data-element_type=\"container\" data-settings=\"{&quot;background_background&quot;:&quot;classic&quot;,&quot;content_width&quot;:&quot;boxed&quot;}\" data-core-v316-plus=\"true\">\n\t\t\t\t\t<div class=\"e-con-inner\">\n\t\t<div class=\"elementor-element elementor-element-e1fa399 e-con-full e-flex e-con e-child\" data-id=\"e1fa399\" data-element_type=\"container\" data-settings=\"{&quot;content_width&quot;:&quot;full&quot;}\">\n\t\t\t\t<div class=\"elementor-element elementor-element-b27fc91 elementor-grid-4 elementor-grid-tablet-2 elementor-grid-mobile-1 elementor-posts--thumbnail-top elementor-widget elementor-widget-posts\" data-id=\"b27fc91\" data-element_type=\"widget\" data-settings=\"{&quot;classic_columns&quot;:&quot;4&quot;,&quot;classic_masonry&quot;:&quot;yes&quot;,&quot;classic_columns_tablet&quot;:&quot;2&quot;,&quot;classic_columns_mobile&quot;:&quot;1&quot;,&quot;classic_row_gap&quot;:{&quot;unit&quot;:&quot;px&quot;,&quot;size&quot;:35,&quot;sizes&quot;:[]},&quot;classic_row_gap_tablet&quot;:{&quot;unit&quot;:&quot;px&quot;,&quot;size&quot;:&quot;&quot;,&quot;sizes&quot;:[]},&quot;classic_row_gap_mobile&quot;:{&quot;unit&quot;:&quot;px&quot;,&quot;size&quot;:&quot;&quot;,&quot;sizes&quot;:[]}}\" data-widget_type=\"posts.classic\">\n\t\t\t\t<div class=\"elementor-widget-container\">\n\t\t\t<link rel=\"stylesheet\" href=\"https:\/\/bolsaempleo.iescinoc.edu.co\/publicaciones\/wp-content\/plugins\/elementor-pro\/assets\/css\/widget-posts.min.css\">\t\t<div class=\"elementor-posts-container elementor-posts elementor-posts--skin-classic elementor-grid\">\n\t\t\t\t<article class=\"elementor-post elementor-grid-item post-821 post type-post status-publish format-standard has-post-thumbnail hentry category-blog\">\n\t\t\t\t<a class=\"elementor-post__thumbnail__link\" href=\"https:\/\/bolsaempleo.iescinoc.edu.co\/publicaciones\/2023\/12\/12\/tips-para-conseguir-empleo-en-este-2023\/\" tabindex=\"-1\" >\n\t\t\t<div class=\"elementor-post__thumbnail\"><img fetchpriority=\"high\" decoding=\"async\" width=\"300\" height=\"200\" src=\"https:\/\/bolsaempleo.iescinoc.edu.co\/publicaciones\/wp-content\/uploads\/2023\/12\/office-95311_640-300x200.jpg\" class=\"attachment-medium size-medium wp-image-822\" alt=\"\" srcset=\"https:\/\/bolsaempleo.iescinoc.edu.co\/publicaciones\/wp-content\/uploads\/2023\/12\/office-95311_640-300x200.jpg 300w, https:\/\/bolsaempleo.iescinoc.edu.co\/publicaciones\/wp-content\/uploads\/2023\/12\/office-95311_640.jpg 640w\" sizes=\"(max-width: 300px) 100vw, 300px\" \/><\/div>\n\t\t<\/a>\n\t\t\t\t<div class=\"elementor-post__text\">\n\t\t\t\t<h3 class=\"elementor-post__title\">\n\t\t\t<a href=\"https:\/\/bolsaempleo.iescinoc.edu.co\/publicaciones\/2023\/12\/12\/tips-para-conseguir-empleo-en-este-2023\/\" >\n\t\t\t\tTips Para conseguir empleo en este 2023\t\t\t<\/a>\n\t\t<\/h3>\n\t\t\t\t<div class=\"elementor-post__meta-data\">\n\t\t\t\t\t<span class=\"elementor-post-date\">\n\t\t\t12 diciembre, 2023\t\t<\/span>\n\t\t\t\t<span class=\"elementor-post-avatar\">\n\t\t\tNo hay comentarios\t\t<\/span>\n\t\t\t\t<\/div>\n\t\t\t\t<div class=\"elementor-post__excerpt\">\n\t\t\t<p>Aqu\u00ed tienes algunos consejos para personas en Colombia que est\u00e9n buscando trabajo: Elabora un Curr\u00edculum Destacado: Aseg\u00farate de que tu curr\u00edculum est\u00e9 bien estructurado, destaque<\/p>\n\t\t<\/div>\n\t\t\n\t\t<a class=\"elementor-post__read-more\" href=\"https:\/\/bolsaempleo.iescinoc.edu.co\/publicaciones\/2023\/12\/12\/tips-para-conseguir-empleo-en-este-2023\/\" aria-label=\"Read more about Tips Para conseguir empleo en este 2023\" tabindex=\"-1\" >\n\t\t\tLeer M\u00e1s \u00bb\t\t<\/a>\n\n\t\t\t\t<\/div>\n\t\t\t\t<\/article>\n\t\t\t\t<article class=\"elementor-post elementor-grid-item post-814 post type-post status-publish format-standard has-post-thumbnail hentry category-noticias\">\n\t\t\t\t<a class=\"elementor-post__thumbnail__link\" href=\"https:\/\/bolsaempleo.iescinoc.edu.co\/publicaciones\/2023\/12\/12\/informe-de-rendicion-de-cuentas-spe-2023\/\" tabindex=\"-1\" >\n\t\t\t<div class=\"elementor-post__thumbnail\"><img decoding=\"async\" width=\"300\" height=\"233\" src=\"https:\/\/bolsaempleo.iescinoc.edu.co\/publicaciones\/wp-content\/uploads\/2023\/12\/rendicion-de-cuen-tas-300x233.jpeg\" class=\"attachment-medium size-medium wp-image-815\" alt=\"\" srcset=\"https:\/\/bolsaempleo.iescinoc.edu.co\/publicaciones\/wp-content\/uploads\/2023\/12\/rendicion-de-cuen-tas-300x233.jpeg 300w, https:\/\/bolsaempleo.iescinoc.edu.co\/publicaciones\/wp-content\/uploads\/2023\/12\/rendicion-de-cuen-tas-1024x794.jpeg 1024w, https:\/\/bolsaempleo.iescinoc.edu.co\/publicaciones\/wp-content\/uploads\/2023\/12\/rendicion-de-cuen-tas-768x595.jpeg 768w, https:\/\/bolsaempleo.iescinoc.edu.co\/publicaciones\/wp-content\/uploads\/2023\/12\/rendicion-de-cuen-tas-1536x1190.jpeg 1536w, https:\/\/bolsaempleo.iescinoc.edu.co\/publicaciones\/wp-content\/uploads\/2023\/12\/rendicion-de-cuen-tas-2048x1587.jpeg 2048w\" sizes=\"(max-width: 300px) 100vw, 300px\" \/><\/div>\n\t\t<\/a>\n\t\t\t\t<div class=\"elementor-post__text\">\n\t\t\t\t<h3 class=\"elementor-post__title\">\n\t\t\t<a href=\"https:\/\/bolsaempleo.iescinoc.edu.co\/publicaciones\/2023\/12\/12\/informe-de-rendicion-de-cuentas-spe-2023\/\" >\n\t\t\t\tInforme de Rendici\u00f3n de Cuentas SPE 2023\t\t\t<\/a>\n\t\t<\/h3>\n\t\t\t\t<div class=\"elementor-post__meta-data\">\n\t\t\t\t\t<span class=\"elementor-post-date\">\n\t\t\t12 diciembre, 2023\t\t<\/span>\n\t\t\t\t<span class=\"elementor-post-avatar\">\n\t\t\tNo hay comentarios\t\t<\/span>\n\t\t\t\t<\/div>\n\t\t\t\t<div class=\"elementor-post__excerpt\">\n\t\t\t<p>La Unidad de Servicio P\u00fablico de Empleo rinde cuentas a la ciudadan\u00eda sobre su gesti\u00f3n en el 2023 y presenta un informe donde relaciona acciones,<\/p>\n\t\t<\/div>\n\t\t\n\t\t<a class=\"elementor-post__read-more\" href=\"https:\/\/bolsaempleo.iescinoc.edu.co\/publicaciones\/2023\/12\/12\/informe-de-rendicion-de-cuentas-spe-2023\/\" aria-label=\"Read more about Informe de Rendici\u00f3n de Cuentas SPE 2023\" tabindex=\"-1\" >\n\t\t\tLeer M\u00e1s \u00bb\t\t<\/a>\n\n\t\t\t\t<\/div>\n\t\t\t\t<\/article>\n\t\t\t\t<article class=\"elementor-post elementor-grid-item post-811 post type-post status-publish format-standard has-post-thumbnail hentry category-empleos\">\n\t\t\t\t<a class=\"elementor-post__thumbnail__link\" href=\"https:\/\/bolsaempleo.iescinoc.edu.co\/publicaciones\/2023\/12\/12\/lider-de-produccion-tecnologo-industrial\/\" tabindex=\"-1\" >\n\t\t\t<div class=\"elementor-post__thumbnail\"><img decoding=\"async\" width=\"299\" height=\"300\" src=\"https:\/\/bolsaempleo.iescinoc.edu.co\/publicaciones\/wp-content\/uploads\/2023\/12\/prooriente-1685548582-402.png\" class=\"attachment-medium size-medium wp-image-812\" alt=\"\" srcset=\"https:\/\/bolsaempleo.iescinoc.edu.co\/publicaciones\/wp-content\/uploads\/2023\/12\/prooriente-1685548582-402.png 299w, https:\/\/bolsaempleo.iescinoc.edu.co\/publicaciones\/wp-content\/uploads\/2023\/12\/prooriente-1685548582-402-150x150.png 150w\" sizes=\"(max-width: 299px) 100vw, 299px\" \/><\/div>\n\t\t<\/a>\n\t\t\t\t<div class=\"elementor-post__text\">\n\t\t\t\t<h3 class=\"elementor-post__title\">\n\t\t\t<a href=\"https:\/\/bolsaempleo.iescinoc.edu.co\/publicaciones\/2023\/12\/12\/lider-de-produccion-tecnologo-industrial\/\" >\n\t\t\t\tL\u00edder de Producci\u00f3n Tecn\u00f3logo industrial\t\t\t<\/a>\n\t\t<\/h3>\n\t\t\t\t<div class=\"elementor-post__meta-data\">\n\t\t\t\t\t<span class=\"elementor-post-date\">\n\t\t\t12 diciembre, 2023\t\t<\/span>\n\t\t\t\t<span class=\"elementor-post-avatar\">\n\t\t\tNo hay comentarios\t\t<\/span>\n\t\t\t\t<\/div>\n\t\t\t\t<div class=\"elementor-post__excerpt\">\n\t\t\t<p>\u00a0Descripci\u00f3n del trabajo &nbsp; PROP\u00d3SITO DEL CARGO (\u00bfQU\u00c9 Y PARA QU\u00c9?) Registrar y analizar los indicadores del proceso productivo de la organizaci\u00f3n, a fin de<\/p>\n\t\t<\/div>\n\t\t\n\t\t<a class=\"elementor-post__read-more\" href=\"https:\/\/bolsaempleo.iescinoc.edu.co\/publicaciones\/2023\/12\/12\/lider-de-produccion-tecnologo-industrial\/\" aria-label=\"Read more about L\u00edder de Producci\u00f3n Tecn\u00f3logo industrial\" tabindex=\"-1\" >\n\t\t\tLeer M\u00e1s \u00bb\t\t<\/a>\n\n\t\t\t\t<\/div>\n\t\t\t\t<\/article>\n\t\t\t\t<article class=\"elementor-post elementor-grid-item post-805 post type-post status-publish format-standard has-post-thumbnail hentry category-noticias category-publicidad\">\n\t\t\t\t<a class=\"elementor-post__thumbnail__link\" href=\"https:\/\/bolsaempleo.iescinoc.edu.co\/publicaciones\/2023\/12\/12\/tecnico-instalador\/\" tabindex=\"-1\" >\n\t\t\t<div class=\"elementor-post__thumbnail\"><img loading=\"lazy\" decoding=\"async\" width=\"300\" height=\"216\" src=\"https:\/\/bolsaempleo.iescinoc.edu.co\/publicaciones\/wp-content\/uploads\/2023\/12\/i-waifai-sas-1699107656-594.jpeg\" class=\"attachment-medium size-medium wp-image-806\" alt=\"\" \/><\/div>\n\t\t<\/a>\n\t\t\t\t<div class=\"elementor-post__text\">\n\t\t\t\t<h3 class=\"elementor-post__title\">\n\t\t\t<a href=\"https:\/\/bolsaempleo.iescinoc.edu.co\/publicaciones\/2023\/12\/12\/tecnico-instalador\/\" >\n\t\t\t\tT\u00e9cnico Instalador\t\t\t<\/a>\n\t\t<\/h3>\n\t\t\t\t<div class=\"elementor-post__meta-data\">\n\t\t\t\t\t<span class=\"elementor-post-date\">\n\t\t\t12 diciembre, 2023\t\t<\/span>\n\t\t\t\t<span class=\"elementor-post-avatar\">\n\t\t\tNo hay comentarios\t\t<\/span>\n\t\t\t\t<\/div>\n\t\t\t\t<div class=\"elementor-post__excerpt\">\n\t\t\t<p>Nuestro equipo de trabajo requiere un talento como t\u00fa. Participa para desempe\u00f1arte como T\u00c9CNICO INSTALADOR, para ser el encargado de la instalaci\u00f3n, traslado, mantenimiento, retiro,<\/p>\n\t\t<\/div>\n\t\t\n\t\t<a class=\"elementor-post__read-more\" href=\"https:\/\/bolsaempleo.iescinoc.edu.co\/publicaciones\/2023\/12\/12\/tecnico-instalador\/\" aria-label=\"Read more about T\u00e9cnico Instalador\" tabindex=\"-1\" >\n\t\t\tLeer M\u00e1s \u00bb\t\t<\/a>\n\n\t\t\t\t<\/div>\n\t\t\t\t<\/article>\n\t\t\t\t<\/div>\n\t\t\n\t\t\t\t<\/div>\n\t\t\t\t<\/div>\n\t\t\t\t<div class=\"elementor-element elementor-element-5887c42 elementor-widget elementor-widget-heading\" data-id=\"5887c42\" data-element_type=\"widget\" data-widget_type=\"heading.default\">\n\t\t\t\t<div class=\"elementor-widget-container\">\n\t\t\t<style>\/*! elementor - v3.18.0 - 08-12-2023 *\/\n.elementor-heading-title{padding:0;margin:0;line-height:1}.elementor-widget-heading .elementor-heading-title[class*=elementor-size-]>a{color:inherit;font-size:inherit;line-height:inherit}.elementor-widget-heading .elementor-heading-title.elementor-size-small{font-size:15px}.elementor-widget-heading .elementor-heading-title.elementor-size-medium{font-size:19px}.elementor-widget-heading .elementor-heading-title.elementor-size-large{font-size:29px}.elementor-widget-heading .elementor-heading-title.elementor-size-xl{font-size:39px}.elementor-widget-heading .elementor-heading-title.elementor-size-xxl{font-size:59px}<\/style><h2 class=\"elementor-heading-title elementor-size-default\">Categor\u00edas Principales<\/h2>\t\t<\/div>\n\t\t\t\t<\/div>\n\t\t\t\t<\/div>\n\t\t\t\t\t<\/div>\n\t\t\t\t<\/div>\n\t\t<div class=\"elementor-element elementor-element-6fc9421 e-flex e-con-boxed e-con e-parent\" data-id=\"6fc9421\" data-element_type=\"container\" data-settings=\"{&quot;background_background&quot;:&quot;classic&quot;,&quot;content_width&quot;:&quot;boxed&quot;}\" data-core-v316-plus=\"true\">\n\t\t\t\t\t<div class=\"e-con-inner\">\n\t\t<div class=\"elementor-element elementor-element-b586766 e-con-full e-flex e-con e-child\" data-id=\"b586766\" data-element_type=\"container\" data-settings=\"{&quot;content_width&quot;:&quot;full&quot;}\">\n\t\t\t\t<div class=\"elementor-element elementor-element-ec5a505 elementor-widget__width-inherit elementor-position-top elementor-widget elementor-widget-image-box\" data-id=\"ec5a505\" data-element_type=\"widget\" data-widget_type=\"image-box.default\">\n\t\t\t\t<div class=\"elementor-widget-container\">\n\t\t\t<style>\/*! elementor - v3.18.0 - 08-12-2023 *\/\n.elementor-widget-image-box .elementor-image-box-content{width:100%}@media (min-width:768px){.elementor-widget-image-box.elementor-position-left .elementor-image-box-wrapper,.elementor-widget-image-box.elementor-position-right .elementor-image-box-wrapper{display:flex}.elementor-widget-image-box.elementor-position-right .elementor-image-box-wrapper{text-align:right;flex-direction:row-reverse}.elementor-widget-image-box.elementor-position-left .elementor-image-box-wrapper{text-align:left;flex-direction:row}.elementor-widget-image-box.elementor-position-top .elementor-image-box-img{margin:auto}.elementor-widget-image-box.elementor-vertical-align-top .elementor-image-box-wrapper{align-items:flex-start}.elementor-widget-image-box.elementor-vertical-align-middle .elementor-image-box-wrapper{align-items:center}.elementor-widget-image-box.elementor-vertical-align-bottom .elementor-image-box-wrapper{align-items:flex-end}}@media (max-width:767px){.elementor-widget-image-box .elementor-image-box-img{margin-left:auto!important;margin-right:auto!important;margin-bottom:15px}}.elementor-widget-image-box .elementor-image-box-img{display:inline-block}.elementor-widget-image-box .elementor-image-box-title a{color:inherit}.elementor-widget-image-box .elementor-image-box-wrapper{text-align:center}.elementor-widget-image-box .elementor-image-box-description{margin:0}<\/style><div class=\"elementor-image-box-wrapper\"><figure class=\"elementor-image-box-img\"><a href=\"https:\/\/bolsaempleo.iescinoc.edu.co\/publicaciones\/category\/blog\/\" tabindex=\"-1\"><img loading=\"lazy\" decoding=\"async\" width=\"640\" height=\"480\" src=\"https:\/\/bolsaempleo.iescinoc.edu.co\/publicaciones\/wp-content\/uploads\/2023\/12\/diary-968592_640.jpg\" class=\"attachment-full size-full wp-image-828\" alt=\"\" srcset=\"https:\/\/bolsaempleo.iescinoc.edu.co\/publicaciones\/wp-content\/uploads\/2023\/12\/diary-968592_640.jpg 640w, https:\/\/bolsaempleo.iescinoc.edu.co\/publicaciones\/wp-content\/uploads\/2023\/12\/diary-968592_640-300x225.jpg 300w\" sizes=\"(max-width: 640px) 100vw, 640px\" \/><\/a><\/figure><div class=\"elementor-image-box-content\"><h3 class=\"elementor-image-box-title\"><a href=\"https:\/\/bolsaempleo.iescinoc.edu.co\/publicaciones\/category\/blog\/\">Blog<\/a><\/h3><\/div><\/div>\t\t<\/div>\n\t\t\t\t<\/div>\n\t\t\t\t<\/div>\n\t\t<div class=\"elementor-element elementor-element-92b5529 e-con-full e-flex e-con e-child\" data-id=\"92b5529\" data-element_type=\"container\" data-settings=\"{&quot;content_width&quot;:&quot;full&quot;}\">\n\t\t\t\t<div class=\"elementor-element elementor-element-bff5fef elementor-position-top elementor-widget elementor-widget-image-box\" data-id=\"bff5fef\" data-element_type=\"widget\" data-widget_type=\"image-box.default\">\n\t\t\t\t<div class=\"elementor-widget-container\">\n\t\t\t<div class=\"elementor-image-box-wrapper\"><figure class=\"elementor-image-box-img\"><a href=\"https:\/\/bolsaempleo.iescinoc.edu.co\/publicaciones\/category\/empleos\/\" tabindex=\"-1\"><img loading=\"lazy\" decoding=\"async\" width=\"640\" height=\"427\" src=\"https:\/\/bolsaempleo.iescinoc.edu.co\/publicaciones\/wp-content\/uploads\/2023\/12\/news-760984_640.jpg\" class=\"attachment-full size-full wp-image-829\" alt=\"\" srcset=\"https:\/\/bolsaempleo.iescinoc.edu.co\/publicaciones\/wp-content\/uploads\/2023\/12\/news-760984_640.jpg 640w, https:\/\/bolsaempleo.iescinoc.edu.co\/publicaciones\/wp-content\/uploads\/2023\/12\/news-760984_640-300x200.jpg 300w\" sizes=\"(max-width: 640px) 100vw, 640px\" \/><\/a><\/figure><div class=\"elementor-image-box-content\"><h3 class=\"elementor-image-box-title\"><a href=\"https:\/\/bolsaempleo.iescinoc.edu.co\/publicaciones\/category\/empleos\/\">Empleos<\/a><\/h3><\/div><\/div>\t\t<\/div>\n\t\t\t\t<\/div>\n\t\t\t\t<\/div>\n\t\t<div class=\"elementor-element elementor-element-b82be33 e-con-full e-flex e-con e-child\" data-id=\"b82be33\" data-element_type=\"container\" data-settings=\"{&quot;content_width&quot;:&quot;full&quot;}\">\n\t\t\t\t<div class=\"elementor-element elementor-element-e19bf23 elementor-position-top elementor-widget elementor-widget-image-box\" data-id=\"e19bf23\" data-element_type=\"widget\" data-widget_type=\"image-box.default\">\n\t\t\t\t<div class=\"elementor-widget-container\">\n\t\t\t<div class=\"elementor-image-box-wrapper\"><figure class=\"elementor-image-box-img\"><a href=\"https:\/\/bolsaempleo.iescinoc.edu.co\/publicaciones\/category\/noticias\/\" tabindex=\"-1\"><img loading=\"lazy\" decoding=\"async\" width=\"640\" height=\"432\" src=\"https:\/\/bolsaempleo.iescinoc.edu.co\/publicaciones\/wp-content\/uploads\/2023\/12\/news-7246477_640.jpg\" class=\"attachment-full size-full wp-image-830\" alt=\"\" srcset=\"https:\/\/bolsaempleo.iescinoc.edu.co\/publicaciones\/wp-content\/uploads\/2023\/12\/news-7246477_640.jpg 640w, https:\/\/bolsaempleo.iescinoc.edu.co\/publicaciones\/wp-content\/uploads\/2023\/12\/news-7246477_640-300x203.jpg 300w\" sizes=\"(max-width: 640px) 100vw, 640px\" \/><\/a><\/figure><div class=\"elementor-image-box-content\"><h3 class=\"elementor-image-box-title\"><a href=\"https:\/\/bolsaempleo.iescinoc.edu.co\/publicaciones\/category\/noticias\/\">Noticias<\/a><\/h3><\/div><\/div>\t\t<\/div>\n\t\t\t\t<\/div>\n\t\t\t\t<\/div>\n\t\t<div class=\"elementor-element elementor-element-67ed349 e-con-full e-flex e-con e-child\" data-id=\"67ed349\" data-element_type=\"container\" data-settings=\"{&quot;content_width&quot;:&quot;full&quot;}\">\n\t\t\t\t<div class=\"elementor-element elementor-element-9005a33 elementor-position-top elementor-widget elementor-widget-image-box\" data-id=\"9005a33\" data-element_type=\"widget\" data-widget_type=\"image-box.default\">\n\t\t\t\t<div class=\"elementor-widget-container\">\n\t\t\t<div class=\"elementor-image-box-wrapper\"><figure class=\"elementor-image-box-img\"><a href=\"https:\/\/bolsaempleo.iescinoc.edu.co\/publicaciones\/category\/publicidad\/\" tabindex=\"-1\"><img loading=\"lazy\" decoding=\"async\" width=\"640\" height=\"512\" src=\"https:\/\/bolsaempleo.iescinoc.edu.co\/publicaciones\/wp-content\/uploads\/2023\/12\/web-design-1953128_640.jpg\" class=\"attachment-full size-full wp-image-831\" alt=\"\" srcset=\"https:\/\/bolsaempleo.iescinoc.edu.co\/publicaciones\/wp-content\/uploads\/2023\/12\/web-design-1953128_640.jpg 640w, https:\/\/bolsaempleo.iescinoc.edu.co\/publicaciones\/wp-content\/uploads\/2023\/12\/web-design-1953128_640-300x240.jpg 300w\" sizes=\"(max-width: 640px) 100vw, 640px\" \/><\/a><\/figure><div class=\"elementor-image-box-content\"><h3 class=\"elementor-image-box-title\"><a href=\"https:\/\/bolsaempleo.iescinoc.edu.co\/publicaciones\/category\/publicidad\/\">Publicidad<\/a><\/h3><\/div><\/div>\t\t<\/div>\n\t\t\t\t<\/div>\n\t\t\t\t<\/div>\n\t\t\t\t\t<\/div>\n\t\t\t\t<\/div>\n\t\t\t\t\t\t\t<\/div>\n\t\t","protected":false},"excerpt":{"rendered":"<p>Categor\u00edas Principales Blog Empleos Noticias Publicidad<\/p>\n","protected":false},"author":1,"featured_media":0,"parent":0,"menu_order":0,"comment_status":"closed","ping_status":"closed","template":"","meta":{"site-sidebar-layout":"no-sidebar","site-content-layout":"page-builder","ast-site-content-layout":"","site-content-style":"default","site-sidebar-style":"default","ast-global-header-display":"","ast-banner-title-visibility":"","ast-main-header-display":"","ast-hfb-above-header-display":"","ast-hfb-below-header-display":"","ast-hfb-mobile-header-display":"","site-post-title":"disabled","ast-breadcrumbs-content":"","ast-featured-img":"disabled","footer-sml-layout":"","theme-transparent-header-meta":"","adv-header-id-meta":"","stick-header-meta":"","header-above-stick-meta":"","header-main-stick-meta":"","header-below-stick-meta":"","astra-migrate-meta-layouts":"","ast-page-background-enabled":"default","ast-page-background-meta":{"desktop":{"background-color":"","background-image":"","background-repeat":"repeat","background-position":"center center","background-size":"auto","background-attachment":"scroll","background-type":"","background-media":"","overlay-type":"","overlay-color":"","overlay-gradient":""},"tablet":{"background-color":"","background-image":"","background-repeat":"repeat","background-position":"center center","background-size":"auto","background-attachment":"scroll","background-type":"","background-media":"","overlay-type":"","overlay-color":"","overlay-gradient":""},"mobile":{"background-color":"","background-image":"","background-repeat":"repeat","background-position":"center center","background-size":"auto","background-attachment":"scroll","background-type":"","background-media":"","overlay-type":"","overlay-color":"","overlay-gradient":""}},"ast-content-background-meta":{"desktop":{"background-color":"var(--ast-global-color-5)","background-image":"","background-repeat":"repeat","background-position":"center center","background-size":"auto","background-attachment":"scroll","background-type":"","background-media":"","overlay-type":"","overlay-color":"","overlay-gradient":""},"tablet":{"background-color":"var(--ast-global-color-5)","background-image":"","background-repeat":"repeat","background-position":"center center","background-size":"auto","background-attachment":"scroll","background-type":"","background-media":"","overlay-type":"","overlay-color":"","overlay-gradient":""},"mobile":{"background-color":"var(--ast-global-color-5)","background-image":"","background-repeat":"repeat","background-position":"center center","background-size":"auto","background-attachment":"scroll","background-type":"","background-media":"","overlay-type":"","overlay-color":"","overlay-gradient":""}},"footnotes":""},"class_list":["post-576","page","type-page","status-publish","hentry"],"_links":{"self":[{"href":"https:\/\/bolsaempleo.iescinoc.edu.co\/publicaciones\/wp-json\/wp\/v2\/pages\/576","targetHints":{"allow":["GET"]}}],"collection":[{"href":"https:\/\/bolsaempleo.iescinoc.edu.co\/publicaciones\/wp-json\/wp\/v2\/pages"}],"about":[{"href":"https:\/\/bolsaempleo.iescinoc.edu.co\/publicaciones\/wp-json\/wp\/v2\/types\/page"}],"author":[{"embeddable":true,"href":"https:\/\/bolsaempleo.iescinoc.edu.co\/publicaciones\/wp-json\/wp\/v2\/users\/1"}],"replies":[{"embeddable":true,"href":"https:\/\/bolsaempleo.iescinoc.edu.co\/publicaciones\/wp-json\/wp\/v2\/comments?post=576"}],"version-history":[{"count":24,"href":"https:\/\/bolsaempleo.iescinoc.edu.co\/publicaciones\/wp-json\/wp\/v2\/pages\/576\/revisions"}],"predecessor-version":[{"id":840,"href":"https:\/\/bolsaempleo.iescinoc.edu.co\/publicaciones\/wp-json\/wp\/v2\/pages\/576\/revisions\/840"}],"wp:attachment":[{"href":"https:\/\/bolsaempleo.iescinoc.edu.co\/publicaciones\/wp-json\/wp\/v2\/media?parent=576"}],"curies":[{"name":"wp","href":"https:\/\/api.w.org\/{rel}","templated":true}]}}